{"id":10859,"date":"2020-02-05T08:18:37","date_gmt":"2020-02-05T07:18:37","guid":{"rendered":"https:\/\/www.venalink.es\/cursos-spd-venalink\/"},"modified":"2023-10-11T14:04:17","modified_gmt":"2023-10-11T12:04:17","slug":"cursos-spd-venalink","status":"publish","type":"page","link":"https:\/\/www.venalink.es\/ca\/cursos-spd-venalink\/","title":{"rendered":"Cursos"},"content":{"rendered":"","protected":false},"excerpt":{"rendered":"","protected":false},"author":1,"featured_media":0,"parent":0,"menu_order":0,"comment_status":"closed","ping_status":"closed","template":"","meta":{"om_disable_all_campaigns":false,"footnotes":""},"class_list":["post-10859","page","type-page","status-publish","hentry"],"yoast_head":"<!-- This site is optimized with the Yoast SEO plugin v27.5 - https:\/\/yoast.com\/product\/yoast-seo-wordpress\/ -->\n<title>Formaci\u00f3 i Cursos SPD | Venalink SPD<\/title>\n<meta name=\"description\" content=\"Cerques formaci\u00f3 i tallers sobre l&#039;SPD? Vols implantar el servei SPD en la teva farm\u00e0cia? Contacta&#039;ns i deixa&#039;ns ajudar-te a ajudar als teus pacients amb els nostres cursos, tallers i formaci\u00f3 en SPD.\" \/>\n<meta name=\"robots\" content=\"index, follow, max-snippet:-1, max-image-preview:large, max-video-preview:-1\" \/>\n<link rel=\"canonical\" href=\"https:\/\/www.venalink.es\/ca\/cursos-spd-venalink\/\" \/>\n<meta property=\"og:locale\" content=\"ca_ES\" \/>\n<meta property=\"og:type\" content=\"article\" \/>\n<meta property=\"og:title\" content=\"Formaci\u00f3 i Cursos SPD | Venalink SPD\" \/>\n<meta property=\"og:description\" content=\"Cerques formaci\u00f3 i tallers sobre l&#039;SPD? Vols implantar el servei SPD en la teva farm\u00e0cia? Contacta&#039;ns i deixa&#039;ns ajudar-te a ajudar als teus pacients amb els nostres cursos, tallers i formaci\u00f3 en SPD.\" \/>\n<meta property=\"og:url\" content=\"https:\/\/www.venalink.es\/ca\/cursos-spd-venalink\/\" \/>\n<meta property=\"og:site_name\" content=\"VENALINK\" \/>\n<meta property=\"article:modified_time\" content=\"2023-10-11T12:04:17+00:00\" \/>\n<meta name=\"twitter:card\" content=\"summary_large_image\" \/>\n<!-- \/ Yoast SEO plugin. -->","yoast_head_json":{"title":"Formaci\u00f3 i Cursos SPD | Venalink SPD","description":"Cerques formaci\u00f3 i tallers sobre l'SPD? Vols implantar el servei SPD en la teva farm\u00e0cia? Contacta'ns i deixa'ns ajudar-te a ajudar als teus pacients amb els nostres cursos, tallers i formaci\u00f3 en SPD.","robots":{"index":"index","follow":"follow","max-snippet":"max-snippet:-1","max-image-preview":"max-image-preview:large","max-video-preview":"max-video-preview:-1"},"canonical":"https:\/\/www.venalink.es\/ca\/cursos-spd-venalink\/","og_locale":"ca_ES","og_type":"article","og_title":"Formaci\u00f3 i Cursos SPD | Venalink SPD","og_description":"Cerques formaci\u00f3 i tallers sobre l'SPD? Vols implantar el servei SPD en la teva farm\u00e0cia? Contacta'ns i deixa'ns ajudar-te a ajudar als teus pacients amb els nostres cursos, tallers i formaci\u00f3 en SPD.","og_url":"https:\/\/www.venalink.es\/ca\/cursos-spd-venalink\/","og_site_name":"VENALINK","article_modified_time":"2023-10-11T12:04:17+00:00","twitter_card":"summary_large_image","schema":{"@context":"https:\/\/schema.org","@graph":[{"@type":"WebPage","@id":"https:\/\/www.venalink.es\/ca\/cursos-spd-venalink\/","url":"https:\/\/www.venalink.es\/ca\/cursos-spd-venalink\/","name":"Formaci\u00f3 i Cursos SPD | Venalink SPD","isPartOf":{"@id":"https:\/\/www.venalink.es\/#website"},"datePublished":"2020-02-05T07:18:37+00:00","dateModified":"2023-10-11T12:04:17+00:00","description":"Cerques formaci\u00f3 i tallers sobre l'SPD? Vols implantar el servei SPD en la teva farm\u00e0cia? Contacta'ns i deixa'ns ajudar-te a ajudar als teus pacients amb els nostres cursos, tallers i formaci\u00f3 en SPD.","breadcrumb":{"@id":"https:\/\/www.venalink.es\/ca\/cursos-spd-venalink\/#breadcrumb"},"inLanguage":"ca","potentialAction":[{"@type":"ReadAction","target":["https:\/\/www.venalink.es\/ca\/cursos-spd-venalink\/"]}]},{"@type":"BreadcrumbList","@id":"https:\/\/www.venalink.es\/ca\/cursos-spd-venalink\/#breadcrumb","itemListElement":[{"@type":"ListItem","position":1,"name":"Portada","item":"https:\/\/www.venalink.es\/ca\/"},{"@type":"ListItem","position":2,"name":"Cursos"}]},{"@type":"WebSite","@id":"https:\/\/www.venalink.es\/#website","url":"https:\/\/www.venalink.es\/","name":"VENALINK","description":"Medication Made Simple","potentialAction":[{"@type":"SearchAction","target":{"@type":"EntryPoint","urlTemplate":"https:\/\/www.venalink.es\/?s={search_term_string}"},"query-input":{"@type":"PropertyValueSpecification","valueRequired":true,"valueName":"search_term_string"}}],"inLanguage":"ca"}]}},"_links":{"self":[{"href":"https:\/\/www.venalink.es\/ca\/wp-json\/wp\/v2\/pages\/10859","targetHints":{"allow":["GET"]}}],"collection":[{"href":"https:\/\/www.venalink.es\/ca\/wp-json\/wp\/v2\/pages"}],"about":[{"href":"https:\/\/www.venalink.es\/ca\/wp-json\/wp\/v2\/types\/page"}],"author":[{"embeddable":true,"href":"https:\/\/www.venalink.es\/ca\/wp-json\/wp\/v2\/users\/1"}],"replies":[{"embeddable":true,"href":"https:\/\/www.venalink.es\/ca\/wp-json\/wp\/v2\/comments?post=10859"}],"version-history":[{"count":5,"href":"https:\/\/www.venalink.es\/ca\/wp-json\/wp\/v2\/pages\/10859\/revisions"}],"predecessor-version":[{"id":16998,"href":"https:\/\/www.venalink.es\/ca\/wp-json\/wp\/v2\/pages\/10859\/revisions\/16998"}],"wp:attachment":[{"href":"https:\/\/www.venalink.es\/ca\/wp-json\/wp\/v2\/media?parent=10859"}],"curies":[{"name":"wp","href":"https:\/\/api.w.org\/{rel}","templated":true}]}}