{"id":11014,"date":"2019-11-26T08:53:46","date_gmt":"2019-11-26T07:53:46","guid":{"rendered":"https:\/\/www.venalink.es\/?page_id=11014"},"modified":"2020-04-03T15:02:12","modified_gmt":"2020-04-03T13:02:12","slug":"casos-exit-spd-farmacies","status":"publish","type":"page","link":"https:\/\/www.venalink.es\/ca\/casos-exit-spd-farmacies\/","title":{"rendered":"Hist\u00f2ries d&#8217;\u00c9xit"},"content":{"rendered":"","protected":false},"excerpt":{"rendered":"","protected":false},"author":1,"featured_media":0,"parent":0,"menu_order":0,"comment_status":"closed","ping_status":"closed","template":"","meta":{"om_disable_all_campaigns":false,"footnotes":""},"class_list":["post-11014","page","type-page","status-publish","hentry"],"yoast_head":"<!-- This site is optimized with the Yoast SEO plugin v27.5 - https:\/\/yoast.com\/product\/yoast-seo-wordpress\/ -->\n<title>Hist\u00f2ries d&#039;\u00e9xit SPD Farm\u00e0cies | Venalink SPD<\/title>\n<meta name=\"description\" content=\"Descobreixi altres casos d&#039;\u00e8xit en la implantaci\u00f3 del SPD en farm\u00e0cies. Altres farmac\u00e8utics ja ofereixen l&#039;SPD Venalink per a ajudar als seus pacients.\" \/>\n<meta name=\"robots\" content=\"index, follow, max-snippet:-1, max-image-preview:large, max-video-preview:-1\" \/>\n<link rel=\"canonical\" href=\"https:\/\/www.venalink.es\/ca\/casos-exit-spd-farmacies\/\" \/>\n<meta property=\"og:locale\" content=\"ca_ES\" \/>\n<meta property=\"og:type\" content=\"article\" \/>\n<meta property=\"og:title\" content=\"Hist\u00f2ries d&#039;\u00e9xit SPD Farm\u00e0cies | Venalink SPD\" \/>\n<meta property=\"og:description\" content=\"Descobreixi altres casos d&#039;\u00e8xit en la implantaci\u00f3 del SPD en farm\u00e0cies. Altres farmac\u00e8utics ja ofereixen l&#039;SPD Venalink per a ajudar als seus pacients.\" \/>\n<meta property=\"og:url\" content=\"https:\/\/www.venalink.es\/ca\/casos-exit-spd-farmacies\/\" \/>\n<meta property=\"og:site_name\" content=\"VENALINK\" \/>\n<meta property=\"article:modified_time\" content=\"2020-04-03T13:02:12+00:00\" \/>\n<meta name=\"twitter:card\" content=\"summary_large_image\" \/>\n<!-- \/ Yoast SEO plugin. -->","yoast_head_json":{"title":"Hist\u00f2ries d'\u00e9xit SPD Farm\u00e0cies | Venalink SPD","description":"Descobreixi altres casos d'\u00e8xit en la implantaci\u00f3 del SPD en farm\u00e0cies. Altres farmac\u00e8utics ja ofereixen l'SPD Venalink per a ajudar als seus pacients.","robots":{"index":"index","follow":"follow","max-snippet":"max-snippet:-1","max-image-preview":"max-image-preview:large","max-video-preview":"max-video-preview:-1"},"canonical":"https:\/\/www.venalink.es\/ca\/casos-exit-spd-farmacies\/","og_locale":"ca_ES","og_type":"article","og_title":"Hist\u00f2ries d'\u00e9xit SPD Farm\u00e0cies | Venalink SPD","og_description":"Descobreixi altres casos d'\u00e8xit en la implantaci\u00f3 del SPD en farm\u00e0cies. Altres farmac\u00e8utics ja ofereixen l'SPD Venalink per a ajudar als seus pacients.","og_url":"https:\/\/www.venalink.es\/ca\/casos-exit-spd-farmacies\/","og_site_name":"VENALINK","article_modified_time":"2020-04-03T13:02:12+00:00","twitter_card":"summary_large_image","schema":{"@context":"https:\/\/schema.org","@graph":[{"@type":"WebPage","@id":"https:\/\/www.venalink.es\/ca\/casos-exit-spd-farmacies\/","url":"https:\/\/www.venalink.es\/ca\/casos-exit-spd-farmacies\/","name":"Hist\u00f2ries d'\u00e9xit SPD Farm\u00e0cies | Venalink SPD","isPartOf":{"@id":"https:\/\/www.venalink.es\/#website"},"datePublished":"2019-11-26T07:53:46+00:00","dateModified":"2020-04-03T13:02:12+00:00","description":"Descobreixi altres casos d'\u00e8xit en la implantaci\u00f3 del SPD en farm\u00e0cies. Altres farmac\u00e8utics ja ofereixen l'SPD Venalink per a ajudar als seus pacients.","breadcrumb":{"@id":"https:\/\/www.venalink.es\/ca\/casos-exit-spd-farmacies\/#breadcrumb"},"inLanguage":"ca","potentialAction":[{"@type":"ReadAction","target":["https:\/\/www.venalink.es\/ca\/casos-exit-spd-farmacies\/"]}]},{"@type":"BreadcrumbList","@id":"https:\/\/www.venalink.es\/ca\/casos-exit-spd-farmacies\/#breadcrumb","itemListElement":[{"@type":"ListItem","position":1,"name":"Portada","item":"https:\/\/www.venalink.es\/ca\/"},{"@type":"ListItem","position":2,"name":"Hist\u00f2ries d&#8217;\u00c9xit"}]},{"@type":"WebSite","@id":"https:\/\/www.venalink.es\/#website","url":"https:\/\/www.venalink.es\/","name":"VENALINK","description":"Medication Made Simple","potentialAction":[{"@type":"SearchAction","target":{"@type":"EntryPoint","urlTemplate":"https:\/\/www.venalink.es\/?s={search_term_string}"},"query-input":{"@type":"PropertyValueSpecification","valueRequired":true,"valueName":"search_term_string"}}],"inLanguage":"ca"}]}},"_links":{"self":[{"href":"https:\/\/www.venalink.es\/ca\/wp-json\/wp\/v2\/pages\/11014","targetHints":{"allow":["GET"]}}],"collection":[{"href":"https:\/\/www.venalink.es\/ca\/wp-json\/wp\/v2\/pages"}],"about":[{"href":"https:\/\/www.venalink.es\/ca\/wp-json\/wp\/v2\/types\/page"}],"author":[{"embeddable":true,"href":"https:\/\/www.venalink.es\/ca\/wp-json\/wp\/v2\/users\/1"}],"replies":[{"embeddable":true,"href":"https:\/\/www.venalink.es\/ca\/wp-json\/wp\/v2\/comments?post=11014"}],"version-history":[{"count":5,"href":"https:\/\/www.venalink.es\/ca\/wp-json\/wp\/v2\/pages\/11014\/revisions"}],"predecessor-version":[{"id":11233,"href":"https:\/\/www.venalink.es\/ca\/wp-json\/wp\/v2\/pages\/11014\/revisions\/11233"}],"wp:attachment":[{"href":"https:\/\/www.venalink.es\/ca\/wp-json\/wp\/v2\/media?parent=11014"}],"curies":[{"name":"wp","href":"https:\/\/api.w.org\/{rel}","templated":true}]}}