{"id":14645,"date":"2021-10-19T13:21:58","date_gmt":"2021-10-19T11:21:58","guid":{"rendered":"https:\/\/www.venalink.es\/cajas-dispensadoras-spd-venabox\/"},"modified":"2026-03-19T12:12:52","modified_gmt":"2026-03-19T11:12:52","slug":"caixes-dispensadores-spd-venabox","status":"publish","type":"page","link":"https:\/\/www.venalink.es\/ca\/caixes-dispensadores-spd-venabox\/","title":{"rendered":"VenaBox Caixes Dispensadores"},"content":{"rendered":"","protected":false},"excerpt":{"rendered":"","protected":false},"author":1,"featured_media":0,"parent":0,"menu_order":0,"comment_status":"closed","ping_status":"closed","template":"","meta":{"om_disable_all_campaigns":false,"footnotes":""},"class_list":["post-14645","page","type-page","status-publish","hentry"],"yoast_head":"<!-- This site is optimized with the Yoast SEO plugin v27.3 - https:\/\/yoast.com\/product\/yoast-seo-wordpress\/ -->\n<title>Caixes dispensadores SPD Venabox | Venalink SPD<\/title>\n<meta name=\"description\" content=\"Venabox, les caixes dispensadores per al SPD tipus bossa. Ideals per a millorar la comunicaci\u00f3 i la informaci\u00f3 entre farmac\u00e8utic o responsables de medicaci\u00f3 i el pacient.\" \/>\n<meta name=\"robots\" content=\"index, follow, max-snippet:-1, max-image-preview:large, max-video-preview:-1\" \/>\n<link rel=\"canonical\" href=\"https:\/\/www.venalink.es\/ca\/caixes-dispensadores-spd-venabox\/\" \/>\n<meta property=\"og:locale\" content=\"ca_ES\" \/>\n<meta property=\"og:type\" content=\"article\" \/>\n<meta property=\"og:title\" content=\"Caixes dispensadores SPD Venabox | Venalink SPD\" \/>\n<meta property=\"og:description\" content=\"Venabox, les caixes dispensadores per al SPD tipus bossa. Ideals per a millorar la comunicaci\u00f3 i la informaci\u00f3 entre farmac\u00e8utic o responsables de medicaci\u00f3 i el pacient.\" \/>\n<meta property=\"og:url\" content=\"https:\/\/www.venalink.es\/ca\/caixes-dispensadores-spd-venabox\/\" \/>\n<meta property=\"og:site_name\" content=\"VENALINK\" \/>\n<meta property=\"article:modified_time\" content=\"2026-03-19T11:12:52+00:00\" \/>\n<meta name=\"twitter:card\" content=\"summary_large_image\" \/>\n<meta name=\"twitter:label1\" content=\"Temps estimat de lectura\" \/>\n\t<meta name=\"twitter:data1\" content=\"4 minuts\" \/>\n<!-- \/ Yoast SEO plugin. -->","yoast_head_json":{"title":"Caixes dispensadores SPD Venabox | Venalink SPD","description":"Venabox, les caixes dispensadores per al SPD tipus bossa. Ideals per a millorar la comunicaci\u00f3 i la informaci\u00f3 entre farmac\u00e8utic o responsables de medicaci\u00f3 i el pacient.","robots":{"index":"index","follow":"follow","max-snippet":"max-snippet:-1","max-image-preview":"max-image-preview:large","max-video-preview":"max-video-preview:-1"},"canonical":"https:\/\/www.venalink.es\/ca\/caixes-dispensadores-spd-venabox\/","og_locale":"ca_ES","og_type":"article","og_title":"Caixes dispensadores SPD Venabox | Venalink SPD","og_description":"Venabox, les caixes dispensadores per al SPD tipus bossa. Ideals per a millorar la comunicaci\u00f3 i la informaci\u00f3 entre farmac\u00e8utic o responsables de medicaci\u00f3 i el pacient.","og_url":"https:\/\/www.venalink.es\/ca\/caixes-dispensadores-spd-venabox\/","og_site_name":"VENALINK","article_modified_time":"2026-03-19T11:12:52+00:00","twitter_card":"summary_large_image","twitter_misc":{"Temps estimat de lectura":"4 minuts"},"schema":{"@context":"https:\/\/schema.org","@graph":[{"@type":"WebPage","@id":"https:\/\/www.venalink.es\/ca\/caixes-dispensadores-spd-venabox\/","url":"https:\/\/www.venalink.es\/ca\/caixes-dispensadores-spd-venabox\/","name":"Caixes dispensadores SPD Venabox | Venalink SPD","isPartOf":{"@id":"https:\/\/www.venalink.es\/#website"},"datePublished":"2021-10-19T11:21:58+00:00","dateModified":"2026-03-19T11:12:52+00:00","description":"Venabox, les caixes dispensadores per al SPD tipus bossa. Ideals per a millorar la comunicaci\u00f3 i la informaci\u00f3 entre farmac\u00e8utic o responsables de medicaci\u00f3 i el pacient.","breadcrumb":{"@id":"https:\/\/www.venalink.es\/ca\/caixes-dispensadores-spd-venabox\/#breadcrumb"},"inLanguage":"ca","potentialAction":[{"@type":"ReadAction","target":["https:\/\/www.venalink.es\/ca\/caixes-dispensadores-spd-venabox\/"]}]},{"@type":"BreadcrumbList","@id":"https:\/\/www.venalink.es\/ca\/caixes-dispensadores-spd-venabox\/#breadcrumb","itemListElement":[{"@type":"ListItem","position":1,"name":"Portada","item":"https:\/\/www.venalink.es\/ca\/"},{"@type":"ListItem","position":2,"name":"VenaBox Caixes Dispensadores"}]},{"@type":"WebSite","@id":"https:\/\/www.venalink.es\/#website","url":"https:\/\/www.venalink.es\/","name":"VENALINK","description":"Medication Made Simple","potentialAction":[{"@type":"SearchAction","target":{"@type":"EntryPoint","urlTemplate":"https:\/\/www.venalink.es\/?s={search_term_string}"},"query-input":{"@type":"PropertyValueSpecification","valueRequired":true,"valueName":"search_term_string"}}],"inLanguage":"ca"}]}},"_links":{"self":[{"href":"https:\/\/www.venalink.es\/ca\/wp-json\/wp\/v2\/pages\/14645","targetHints":{"allow":["GET"]}}],"collection":[{"href":"https:\/\/www.venalink.es\/ca\/wp-json\/wp\/v2\/pages"}],"about":[{"href":"https:\/\/www.venalink.es\/ca\/wp-json\/wp\/v2\/types\/page"}],"author":[{"embeddable":true,"href":"https:\/\/www.venalink.es\/ca\/wp-json\/wp\/v2\/users\/1"}],"replies":[{"embeddable":true,"href":"https:\/\/www.venalink.es\/ca\/wp-json\/wp\/v2\/comments?post=14645"}],"version-history":[{"count":5,"href":"https:\/\/www.venalink.es\/ca\/wp-json\/wp\/v2\/pages\/14645\/revisions"}],"predecessor-version":[{"id":27203,"href":"https:\/\/www.venalink.es\/ca\/wp-json\/wp\/v2\/pages\/14645\/revisions\/27203"}],"wp:attachment":[{"href":"https:\/\/www.venalink.es\/ca\/wp-json\/wp\/v2\/media?parent=14645"}],"curies":[{"name":"wp","href":"https:\/\/api.w.org\/{rel}","templated":true}]}}