{"id":15490,"date":"2022-05-17T18:53:27","date_gmt":"2022-05-17T16:53:27","guid":{"rendered":"https:\/\/www.venalink.es\/como-promocionar-el-spd-venalink\/"},"modified":"2026-03-19T12:13:42","modified_gmt":"2026-03-19T11:13:42","slug":"com-promocionar-spd-venalink","status":"publish","type":"page","link":"https:\/\/www.venalink.es\/ca\/com-promocionar-spd-venalink\/","title":{"rendered":"Venalink Comunic@"},"content":{"rendered":"","protected":false},"excerpt":{"rendered":"","protected":false},"author":1,"featured_media":0,"parent":0,"menu_order":0,"comment_status":"closed","ping_status":"closed","template":"","meta":{"om_disable_all_campaigns":false,"footnotes":""},"class_list":["post-15490","page","type-page","status-publish","hentry"],"yoast_head":"<!-- This site is optimized with the Yoast SEO plugin v27.4 - https:\/\/yoast.com\/product\/yoast-seo-wordpress\/ -->\n<title>L&#039;ajudem a promocionar l&#039;SPD Venalink entre els seus pacients<\/title>\n<meta name=\"description\" content=\"VENALINK proporciona elements promocionals gr\u00e0fics i online i dona el suport a la Farm\u00e0cia per a dissenyar l&#039;entrevista inicial necess\u00e0ria.\" \/>\n<meta name=\"robots\" content=\"index, follow, max-snippet:-1, max-image-preview:large, max-video-preview:-1\" \/>\n<link rel=\"canonical\" href=\"https:\/\/www.venalink.es\/ca\/com-promocionar-spd-venalink\/\" \/>\n<meta property=\"og:locale\" content=\"ca_ES\" \/>\n<meta property=\"og:type\" content=\"article\" \/>\n<meta property=\"og:title\" content=\"L&#039;ajudem a promocionar l&#039;SPD Venalink entre els seus pacients\" \/>\n<meta property=\"og:description\" content=\"VENALINK proporciona elements promocionals gr\u00e0fics i online i dona el suport a la Farm\u00e0cia per a dissenyar l&#039;entrevista inicial necess\u00e0ria.\" \/>\n<meta property=\"og:url\" content=\"https:\/\/www.venalink.es\/ca\/com-promocionar-spd-venalink\/\" \/>\n<meta property=\"og:site_name\" content=\"VENALINK\" \/>\n<meta property=\"article:modified_time\" content=\"2026-03-19T11:13:42+00:00\" \/>\n<meta name=\"twitter:card\" content=\"summary_large_image\" \/>\n<meta name=\"twitter:label1\" content=\"Temps estimat de lectura\" \/>\n\t<meta name=\"twitter:data1\" content=\"2 minuts\" \/>\n<!-- \/ Yoast SEO plugin. -->","yoast_head_json":{"title":"L'ajudem a promocionar l'SPD Venalink entre els seus pacients","description":"VENALINK proporciona elements promocionals gr\u00e0fics i online i dona el suport a la Farm\u00e0cia per a dissenyar l'entrevista inicial necess\u00e0ria.","robots":{"index":"index","follow":"follow","max-snippet":"max-snippet:-1","max-image-preview":"max-image-preview:large","max-video-preview":"max-video-preview:-1"},"canonical":"https:\/\/www.venalink.es\/ca\/com-promocionar-spd-venalink\/","og_locale":"ca_ES","og_type":"article","og_title":"L'ajudem a promocionar l'SPD Venalink entre els seus pacients","og_description":"VENALINK proporciona elements promocionals gr\u00e0fics i online i dona el suport a la Farm\u00e0cia per a dissenyar l'entrevista inicial necess\u00e0ria.","og_url":"https:\/\/www.venalink.es\/ca\/com-promocionar-spd-venalink\/","og_site_name":"VENALINK","article_modified_time":"2026-03-19T11:13:42+00:00","twitter_card":"summary_large_image","twitter_misc":{"Temps estimat de lectura":"2 minuts"},"schema":{"@context":"https:\/\/schema.org","@graph":[{"@type":"WebPage","@id":"https:\/\/www.venalink.es\/ca\/com-promocionar-spd-venalink\/","url":"https:\/\/www.venalink.es\/ca\/com-promocionar-spd-venalink\/","name":"L'ajudem a promocionar l'SPD Venalink entre els seus pacients","isPartOf":{"@id":"https:\/\/www.venalink.es\/#website"},"datePublished":"2022-05-17T16:53:27+00:00","dateModified":"2026-03-19T11:13:42+00:00","description":"VENALINK proporciona elements promocionals gr\u00e0fics i online i dona el suport a la Farm\u00e0cia per a dissenyar l'entrevista inicial necess\u00e0ria.","breadcrumb":{"@id":"https:\/\/www.venalink.es\/ca\/com-promocionar-spd-venalink\/#breadcrumb"},"inLanguage":"ca","potentialAction":[{"@type":"ReadAction","target":["https:\/\/www.venalink.es\/ca\/com-promocionar-spd-venalink\/"]}]},{"@type":"BreadcrumbList","@id":"https:\/\/www.venalink.es\/ca\/com-promocionar-spd-venalink\/#breadcrumb","itemListElement":[{"@type":"ListItem","position":1,"name":"Portada","item":"https:\/\/www.venalink.es\/ca\/"},{"@type":"ListItem","position":2,"name":"Venalink Comunic@"}]},{"@type":"WebSite","@id":"https:\/\/www.venalink.es\/#website","url":"https:\/\/www.venalink.es\/","name":"VENALINK","description":"Medication Made Simple","potentialAction":[{"@type":"SearchAction","target":{"@type":"EntryPoint","urlTemplate":"https:\/\/www.venalink.es\/?s={search_term_string}"},"query-input":{"@type":"PropertyValueSpecification","valueRequired":true,"valueName":"search_term_string"}}],"inLanguage":"ca"}]}},"_links":{"self":[{"href":"https:\/\/www.venalink.es\/ca\/wp-json\/wp\/v2\/pages\/15490","targetHints":{"allow":["GET"]}}],"collection":[{"href":"https:\/\/www.venalink.es\/ca\/wp-json\/wp\/v2\/pages"}],"about":[{"href":"https:\/\/www.venalink.es\/ca\/wp-json\/wp\/v2\/types\/page"}],"author":[{"embeddable":true,"href":"https:\/\/www.venalink.es\/ca\/wp-json\/wp\/v2\/users\/1"}],"replies":[{"embeddable":true,"href":"https:\/\/www.venalink.es\/ca\/wp-json\/wp\/v2\/comments?post=15490"}],"version-history":[{"count":5,"href":"https:\/\/www.venalink.es\/ca\/wp-json\/wp\/v2\/pages\/15490\/revisions"}],"predecessor-version":[{"id":27204,"href":"https:\/\/www.venalink.es\/ca\/wp-json\/wp\/v2\/pages\/15490\/revisions\/27204"}],"wp:attachment":[{"href":"https:\/\/www.venalink.es\/ca\/wp-json\/wp\/v2\/media?parent=15490"}],"curies":[{"name":"wp","href":"https:\/\/api.w.org\/{rel}","templated":true}]}}