{"id":24864,"date":"2025-10-13T10:39:52","date_gmt":"2025-10-13T08:39:52","guid":{"rendered":"https:\/\/www.venalink.es\/desemblistador-portatil\/"},"modified":"2026-03-19T12:04:57","modified_gmt":"2026-03-19T11:04:57","slug":"desemblistador-portatil","status":"publish","type":"page","link":"https:\/\/www.venalink.es\/ca\/desemblistador-portatil\/","title":{"rendered":"Desemblistador Port\u00e0til"},"content":{"rendered":"","protected":false},"excerpt":{"rendered":"","protected":false},"author":1,"featured_media":0,"parent":0,"menu_order":0,"comment_status":"closed","ping_status":"closed","template":"","meta":{"om_disable_all_campaigns":false,"footnotes":""},"class_list":["post-24864","page","type-page","status-publish","hentry"],"yoast_head":"<!-- This site is optimized with the Yoast SEO plugin v27.3 - https:\/\/yoast.com\/product\/yoast-seo-wordpress\/ -->\n<title>Desemblistador port\u00e0til SPD \u2013 dispositiu \u00e0gil per obrir bl\u00edsters de medicaments | Venalink<\/title>\n<meta name=\"description\" content=\"Facilita i accelera el desblistejat de bl\u00edsters sense fer malb\u00e9 els comprimits. Dispositiu port\u00e0til, ergon\u00f2mic i compatible amb tots els SPDs. Compra ara amb Venalink.\" \/>\n<meta name=\"robots\" content=\"index, follow, max-snippet:-1, max-image-preview:large, max-video-preview:-1\" \/>\n<link rel=\"canonical\" href=\"https:\/\/www.venalink.es\/ca\/desemblistador-portatil\/\" \/>\n<meta property=\"og:locale\" content=\"ca_ES\" \/>\n<meta property=\"og:type\" content=\"article\" \/>\n<meta property=\"og:title\" content=\"Desemblistador port\u00e0til SPD \u2013 dispositiu \u00e0gil per obrir bl\u00edsters de medicaments | Venalink\" \/>\n<meta property=\"og:description\" content=\"Facilita i accelera el desblistejat de bl\u00edsters sense fer malb\u00e9 els comprimits. Dispositiu port\u00e0til, ergon\u00f2mic i compatible amb tots els SPDs. Compra ara amb Venalink.\" \/>\n<meta property=\"og:url\" content=\"https:\/\/www.venalink.es\/ca\/desemblistador-portatil\/\" \/>\n<meta property=\"og:site_name\" content=\"VENALINK\" \/>\n<meta property=\"article:modified_time\" content=\"2026-03-19T11:04:57+00:00\" \/>\n<meta name=\"twitter:card\" content=\"summary_large_image\" \/>\n<meta name=\"twitter:label1\" content=\"Temps estimat de lectura\" \/>\n\t<meta name=\"twitter:data1\" content=\"2 minuts\" \/>\n<!-- \/ Yoast SEO plugin. -->","yoast_head_json":{"title":"Desemblistador port\u00e0til SPD \u2013 dispositiu \u00e0gil per obrir bl\u00edsters de medicaments | Venalink","description":"Facilita i accelera el desblistejat de bl\u00edsters sense fer malb\u00e9 els comprimits. Dispositiu port\u00e0til, ergon\u00f2mic i compatible amb tots els SPDs. Compra ara amb Venalink.","robots":{"index":"index","follow":"follow","max-snippet":"max-snippet:-1","max-image-preview":"max-image-preview:large","max-video-preview":"max-video-preview:-1"},"canonical":"https:\/\/www.venalink.es\/ca\/desemblistador-portatil\/","og_locale":"ca_ES","og_type":"article","og_title":"Desemblistador port\u00e0til SPD \u2013 dispositiu \u00e0gil per obrir bl\u00edsters de medicaments | Venalink","og_description":"Facilita i accelera el desblistejat de bl\u00edsters sense fer malb\u00e9 els comprimits. Dispositiu port\u00e0til, ergon\u00f2mic i compatible amb tots els SPDs. Compra ara amb Venalink.","og_url":"https:\/\/www.venalink.es\/ca\/desemblistador-portatil\/","og_site_name":"VENALINK","article_modified_time":"2026-03-19T11:04:57+00:00","twitter_card":"summary_large_image","twitter_misc":{"Temps estimat de lectura":"2 minuts"},"schema":{"@context":"https:\/\/schema.org","@graph":[{"@type":"WebPage","@id":"https:\/\/www.venalink.es\/ca\/desemblistador-portatil\/","url":"https:\/\/www.venalink.es\/ca\/desemblistador-portatil\/","name":"Desemblistador port\u00e0til SPD \u2013 dispositiu \u00e0gil per obrir bl\u00edsters de medicaments | Venalink","isPartOf":{"@id":"https:\/\/www.venalink.es\/#website"},"datePublished":"2025-10-13T08:39:52+00:00","dateModified":"2026-03-19T11:04:57+00:00","description":"Facilita i accelera el desblistejat de bl\u00edsters sense fer malb\u00e9 els comprimits. Dispositiu port\u00e0til, ergon\u00f2mic i compatible amb tots els SPDs. Compra ara amb Venalink.","breadcrumb":{"@id":"https:\/\/www.venalink.es\/ca\/desemblistador-portatil\/#breadcrumb"},"inLanguage":"ca","potentialAction":[{"@type":"ReadAction","target":["https:\/\/www.venalink.es\/ca\/desemblistador-portatil\/"]}]},{"@type":"BreadcrumbList","@id":"https:\/\/www.venalink.es\/ca\/desemblistador-portatil\/#breadcrumb","itemListElement":[{"@type":"ListItem","position":1,"name":"Portada","item":"https:\/\/www.venalink.es\/ca\/"},{"@type":"ListItem","position":2,"name":"Desemblistador Port\u00e0til"}]},{"@type":"WebSite","@id":"https:\/\/www.venalink.es\/#website","url":"https:\/\/www.venalink.es\/","name":"VENALINK","description":"Medication Made Simple","potentialAction":[{"@type":"SearchAction","target":{"@type":"EntryPoint","urlTemplate":"https:\/\/www.venalink.es\/?s={search_term_string}"},"query-input":{"@type":"PropertyValueSpecification","valueRequired":true,"valueName":"search_term_string"}}],"inLanguage":"ca"}]}},"_links":{"self":[{"href":"https:\/\/www.venalink.es\/ca\/wp-json\/wp\/v2\/pages\/24864","targetHints":{"allow":["GET"]}}],"collection":[{"href":"https:\/\/www.venalink.es\/ca\/wp-json\/wp\/v2\/pages"}],"about":[{"href":"https:\/\/www.venalink.es\/ca\/wp-json\/wp\/v2\/types\/page"}],"author":[{"embeddable":true,"href":"https:\/\/www.venalink.es\/ca\/wp-json\/wp\/v2\/users\/1"}],"replies":[{"embeddable":true,"href":"https:\/\/www.venalink.es\/ca\/wp-json\/wp\/v2\/comments?post=24864"}],"version-history":[{"count":5,"href":"https:\/\/www.venalink.es\/ca\/wp-json\/wp\/v2\/pages\/24864\/revisions"}],"predecessor-version":[{"id":27189,"href":"https:\/\/www.venalink.es\/ca\/wp-json\/wp\/v2\/pages\/24864\/revisions\/27189"}],"wp:attachment":[{"href":"https:\/\/www.venalink.es\/ca\/wp-json\/wp\/v2\/media?parent=24864"}],"curies":[{"name":"wp","href":"https:\/\/api.w.org\/{rel}","templated":true}]}}