{"id":27368,"date":"2026-04-27T17:11:58","date_gmt":"2026-04-27T15:11:58","guid":{"rendered":"https:\/\/www.venalink.es\/spd-semi-automatizado-cubo-pro\/"},"modified":"2026-04-29T17:07:15","modified_gmt":"2026-04-29T15:07:15","slug":"spd-semi-automatitzat-cub-pro","status":"publish","type":"page","link":"https:\/\/www.venalink.es\/ca\/spd-semi-automatitzat-cub-pro\/","title":{"rendered":"Nou format: SPD Venalink Cub Pro"},"content":{"rendered":"","protected":false},"excerpt":{"rendered":"","protected":false},"author":1,"featured_media":0,"parent":0,"menu_order":0,"comment_status":"closed","ping_status":"closed","template":"","meta":{"om_disable_all_campaigns":false,"footnotes":""},"class_list":["post-27368","page","type-page","status-publish","hentry"],"yoast_head":"<!-- This site is optimized with the Yoast SEO plugin v27.5 - https:\/\/yoast.com\/product\/yoast-seo-wordpress\/ -->\n<title>SPD semi-automatitzat per a farm\u00e0cia | Cub Pro Venalink<\/title>\n<meta name=\"description\" content=\"Sistema SPD semi-automatitzat per a farm\u00e0cia. Cub Pro millora la preparaci\u00f3 de SPD augmentant l\u2019efici\u00e8ncia, la productivitat i la seguretat.\" \/>\n<meta name=\"robots\" content=\"index, follow, max-snippet:-1, max-image-preview:large, max-video-preview:-1\" \/>\n<link rel=\"canonical\" href=\"https:\/\/www.venalink.es\/ca\/spd-semi-automatitzat-cub-pro\/\" \/>\n<meta property=\"og:locale\" content=\"ca_ES\" \/>\n<meta property=\"og:type\" content=\"article\" \/>\n<meta property=\"og:title\" content=\"SPD semi-automatitzat per a farm\u00e0cia | Cub Pro Venalink\" \/>\n<meta property=\"og:description\" content=\"Sistema SPD semi-automatitzat per a farm\u00e0cia. Cub Pro millora la preparaci\u00f3 de SPD augmentant l\u2019efici\u00e8ncia, la productivitat i la seguretat.\" \/>\n<meta property=\"og:url\" content=\"https:\/\/www.venalink.es\/ca\/spd-semi-automatitzat-cub-pro\/\" \/>\n<meta property=\"og:site_name\" content=\"VENALINK\" \/>\n<meta property=\"article:modified_time\" content=\"2026-04-29T15:07:15+00:00\" \/>\n<meta name=\"twitter:card\" content=\"summary_large_image\" \/>\n<meta name=\"twitter:label1\" content=\"Temps estimat de lectura\" \/>\n\t<meta name=\"twitter:data1\" content=\"2 minuts\" \/>\n<!-- \/ Yoast SEO plugin. -->","yoast_head_json":{"title":"SPD semi-automatitzat per a farm\u00e0cia | Cub Pro Venalink","description":"Sistema SPD semi-automatitzat per a farm\u00e0cia. Cub Pro millora la preparaci\u00f3 de SPD augmentant l\u2019efici\u00e8ncia, la productivitat i la seguretat.","robots":{"index":"index","follow":"follow","max-snippet":"max-snippet:-1","max-image-preview":"max-image-preview:large","max-video-preview":"max-video-preview:-1"},"canonical":"https:\/\/www.venalink.es\/ca\/spd-semi-automatitzat-cub-pro\/","og_locale":"ca_ES","og_type":"article","og_title":"SPD semi-automatitzat per a farm\u00e0cia | Cub Pro Venalink","og_description":"Sistema SPD semi-automatitzat per a farm\u00e0cia. Cub Pro millora la preparaci\u00f3 de SPD augmentant l\u2019efici\u00e8ncia, la productivitat i la seguretat.","og_url":"https:\/\/www.venalink.es\/ca\/spd-semi-automatitzat-cub-pro\/","og_site_name":"VENALINK","article_modified_time":"2026-04-29T15:07:15+00:00","twitter_card":"summary_large_image","twitter_misc":{"Temps estimat de lectura":"2 minuts"},"schema":{"@context":"https:\/\/schema.org","@graph":[{"@type":"WebPage","@id":"https:\/\/www.venalink.es\/ca\/spd-semi-automatitzat-cub-pro\/","url":"https:\/\/www.venalink.es\/ca\/spd-semi-automatitzat-cub-pro\/","name":"SPD semi-automatitzat per a farm\u00e0cia | Cub Pro Venalink","isPartOf":{"@id":"https:\/\/www.venalink.es\/#website"},"datePublished":"2026-04-27T15:11:58+00:00","dateModified":"2026-04-29T15:07:15+00:00","description":"Sistema SPD semi-automatitzat per a farm\u00e0cia. Cub Pro millora la preparaci\u00f3 de SPD augmentant l\u2019efici\u00e8ncia, la productivitat i la seguretat.","breadcrumb":{"@id":"https:\/\/www.venalink.es\/ca\/spd-semi-automatitzat-cub-pro\/#breadcrumb"},"inLanguage":"ca","potentialAction":[{"@type":"ReadAction","target":["https:\/\/www.venalink.es\/ca\/spd-semi-automatitzat-cub-pro\/"]}]},{"@type":"BreadcrumbList","@id":"https:\/\/www.venalink.es\/ca\/spd-semi-automatitzat-cub-pro\/#breadcrumb","itemListElement":[{"@type":"ListItem","position":1,"name":"Portada","item":"https:\/\/www.venalink.es\/ca\/"},{"@type":"ListItem","position":2,"name":"Nou format: SPD Venalink Cub Pro"}]},{"@type":"WebSite","@id":"https:\/\/www.venalink.es\/#website","url":"https:\/\/www.venalink.es\/","name":"VENALINK","description":"Medication Made Simple","potentialAction":[{"@type":"SearchAction","target":{"@type":"EntryPoint","urlTemplate":"https:\/\/www.venalink.es\/?s={search_term_string}"},"query-input":{"@type":"PropertyValueSpecification","valueRequired":true,"valueName":"search_term_string"}}],"inLanguage":"ca"}]}},"_links":{"self":[{"href":"https:\/\/www.venalink.es\/ca\/wp-json\/wp\/v2\/pages\/27368","targetHints":{"allow":["GET"]}}],"collection":[{"href":"https:\/\/www.venalink.es\/ca\/wp-json\/wp\/v2\/pages"}],"about":[{"href":"https:\/\/www.venalink.es\/ca\/wp-json\/wp\/v2\/types\/page"}],"author":[{"embeddable":true,"href":"https:\/\/www.venalink.es\/ca\/wp-json\/wp\/v2\/users\/1"}],"replies":[{"embeddable":true,"href":"https:\/\/www.venalink.es\/ca\/wp-json\/wp\/v2\/comments?post=27368"}],"version-history":[{"count":5,"href":"https:\/\/www.venalink.es\/ca\/wp-json\/wp\/v2\/pages\/27368\/revisions"}],"predecessor-version":[{"id":27387,"href":"https:\/\/www.venalink.es\/ca\/wp-json\/wp\/v2\/pages\/27368\/revisions\/27387"}],"wp:attachment":[{"href":"https:\/\/www.venalink.es\/ca\/wp-json\/wp\/v2\/media?parent=27368"}],"curies":[{"name":"wp","href":"https:\/\/api.w.org\/{rel}","templated":true}]}}