{"id":11621,"date":"2020-04-29T16:20:48","date_gmt":"2020-04-29T14:20:48","guid":{"rendered":"https:\/\/www.venalink.es\/pda-pharmacie\/"},"modified":"2026-01-28T13:15:58","modified_gmt":"2026-01-28T12:15:58","slug":"pim-farmacia","status":"publish","type":"page","link":"https:\/\/www.venalink.es\/pt-pt\/","title":{"rendered":"Home-Pt"},"content":{"rendered":"","protected":false},"excerpt":{"rendered":"","protected":false},"author":1,"featured_media":0,"parent":0,"menu_order":0,"comment_status":"closed","ping_status":"closed","template":"","meta":{"om_disable_all_campaigns":false,"footnotes":""},"class_list":["post-11621","page","type-page","status-publish","hentry"],"yoast_head":"<!-- This site is optimized with the Yoast SEO plugin v27.4 - https:\/\/yoast.com\/product\/yoast-seo-wordpress\/ -->\n<title>Prepara\u00e7\u00e3o Individualizada da Medica\u00e7\u00e3o (PIM) Venalink: O melhor servi\u00e7o para ajudar os seus pacientes<\/title>\n<meta name=\"description\" content=\"O PIM Venalink \u00e9 a melhor forma de chegar aos seus pacientes | A melhor Prepara\u00e7\u00e3o Individualizada da Medica\u00e7\u00e3o (PIM) Venalink\" \/>\n<meta name=\"robots\" content=\"index, follow, max-snippet:-1, max-image-preview:large, max-video-preview:-1\" \/>\n<link rel=\"canonical\" href=\"https:\/\/www.venalink.es\/pt-pt\/\" \/>\n<meta property=\"og:locale\" content=\"pt_PT\" \/>\n<meta property=\"og:type\" content=\"article\" \/>\n<meta property=\"og:title\" content=\"Prepara\u00e7\u00e3o Individualizada da Medica\u00e7\u00e3o (PIM) Venalink: O melhor servi\u00e7o para ajudar os seus pacientes\" \/>\n<meta property=\"og:description\" content=\"O PIM Venalink \u00e9 a melhor forma de chegar aos seus pacientes | A melhor Prepara\u00e7\u00e3o Individualizada da Medica\u00e7\u00e3o (PIM) Venalink\" \/>\n<meta property=\"og:url\" content=\"https:\/\/www.venalink.es\/pt-pt\/\" \/>\n<meta property=\"og:site_name\" content=\"VENALINK\" \/>\n<meta property=\"article:modified_time\" content=\"2026-01-28T12:15:58+00:00\" \/>\n<meta name=\"twitter:card\" content=\"summary_large_image\" \/>\n<meta name=\"twitter:label1\" content=\"Tempo estimado de leitura\" \/>\n\t<meta name=\"twitter:data1\" content=\"6 minutos\" \/>\n<!-- \/ Yoast SEO plugin. -->","yoast_head_json":{"title":"Prepara\u00e7\u00e3o Individualizada da Medica\u00e7\u00e3o (PIM) Venalink: O melhor servi\u00e7o para ajudar os seus pacientes","description":"O PIM Venalink \u00e9 a melhor forma de chegar aos seus pacientes | A melhor Prepara\u00e7\u00e3o Individualizada da Medica\u00e7\u00e3o (PIM) Venalink","robots":{"index":"index","follow":"follow","max-snippet":"max-snippet:-1","max-image-preview":"max-image-preview:large","max-video-preview":"max-video-preview:-1"},"canonical":"https:\/\/www.venalink.es\/pt-pt\/","og_locale":"pt_PT","og_type":"article","og_title":"Prepara\u00e7\u00e3o Individualizada da Medica\u00e7\u00e3o (PIM) Venalink: O melhor servi\u00e7o para ajudar os seus pacientes","og_description":"O PIM Venalink \u00e9 a melhor forma de chegar aos seus pacientes | A melhor Prepara\u00e7\u00e3o Individualizada da Medica\u00e7\u00e3o (PIM) Venalink","og_url":"https:\/\/www.venalink.es\/pt-pt\/","og_site_name":"VENALINK","article_modified_time":"2026-01-28T12:15:58+00:00","twitter_card":"summary_large_image","twitter_misc":{"Tempo estimado de leitura":"6 minutos"},"schema":{"@context":"https:\/\/schema.org","@graph":[{"@type":"WebPage","@id":"https:\/\/www.venalink.es\/pt-pt\/","url":"https:\/\/www.venalink.es\/pt-pt\/","name":"Prepara\u00e7\u00e3o Individualizada da Medica\u00e7\u00e3o (PIM) Venalink: O melhor servi\u00e7o para ajudar os seus pacientes","isPartOf":{"@id":"https:\/\/www.venalink.es\/#website"},"datePublished":"2020-04-29T14:20:48+00:00","dateModified":"2026-01-28T12:15:58+00:00","description":"O PIM Venalink \u00e9 a melhor forma de chegar aos seus pacientes | A melhor Prepara\u00e7\u00e3o Individualizada da Medica\u00e7\u00e3o (PIM) Venalink","breadcrumb":{"@id":"https:\/\/www.venalink.es\/pt-pt\/#breadcrumb"},"inLanguage":"pt-PT","potentialAction":[{"@type":"ReadAction","target":["https:\/\/www.venalink.es\/pt-pt\/"]}]},{"@type":"BreadcrumbList","@id":"https:\/\/www.venalink.es\/pt-pt\/#breadcrumb","itemListElement":[{"@type":"ListItem","position":1,"name":"Portada","item":"https:\/\/www.venalink.es\/pt-pt\/"},{"@type":"ListItem","position":2,"name":"Home-Pt"}]},{"@type":"WebSite","@id":"https:\/\/www.venalink.es\/#website","url":"https:\/\/www.venalink.es\/","name":"VENALINK","description":"Medication Made Simple","potentialAction":[{"@type":"SearchAction","target":{"@type":"EntryPoint","urlTemplate":"https:\/\/www.venalink.es\/?s={search_term_string}"},"query-input":{"@type":"PropertyValueSpecification","valueRequired":true,"valueName":"search_term_string"}}],"inLanguage":"pt-PT"}]}},"_links":{"self":[{"href":"https:\/\/www.venalink.es\/pt-pt\/wp-json\/wp\/v2\/pages\/11621","targetHints":{"allow":["GET"]}}],"collection":[{"href":"https:\/\/www.venalink.es\/pt-pt\/wp-json\/wp\/v2\/pages"}],"about":[{"href":"https:\/\/www.venalink.es\/pt-pt\/wp-json\/wp\/v2\/types\/page"}],"author":[{"embeddable":true,"href":"https:\/\/www.venalink.es\/pt-pt\/wp-json\/wp\/v2\/users\/1"}],"replies":[{"embeddable":true,"href":"https:\/\/www.venalink.es\/pt-pt\/wp-json\/wp\/v2\/comments?post=11621"}],"version-history":[{"count":5,"href":"https:\/\/www.venalink.es\/pt-pt\/wp-json\/wp\/v2\/pages\/11621\/revisions"}],"predecessor-version":[{"id":26596,"href":"https:\/\/www.venalink.es\/pt-pt\/wp-json\/wp\/v2\/pages\/11621\/revisions\/26596"}],"wp:attachment":[{"href":"https:\/\/www.venalink.es\/pt-pt\/wp-json\/wp\/v2\/media?parent=11621"}],"curies":[{"name":"wp","href":"https:\/\/api.w.org\/{rel}","templated":true}]}}